{"id":33746,"date":"2024-11-26T22:51:34","date_gmt":"2024-11-27T03:51:34","guid":{"rendered":"https:\/\/joinastudy.ca\/etudes-en-cours-2\/"},"modified":"2024-11-26T23:03:51","modified_gmt":"2024-11-27T04:03:51","slug":"problemes-de-sante","status":"publish","type":"page","link":"https:\/\/joinastudy.ca\/fr\/problemes-de-sante\/","title":{"rendered":"Probl\u00e8mes de sant\u00e9"},"content":{"rendered":"<div class=\"wpb-content-wrapper\"><p>[vc_row][vc_column][vc_column_text css=\u00a0\u00bb.vc_custom_1523029024035{margin-bottom: 10px !important;padding-right: 7px !important;padding-left: 7px !important;background-color: #f2f2f2 !important;}\u00a0\u00bb]<\/p>\n<h3><b>Guides de sant\u00e9 \u2013 <\/b>Un guide complet pour g\u00e9rer votre maladie<\/h3>\n<p>[\/vc_column_text]<p class=\"mpc-noposts\">No related posts.<\/p>[vc_empty_space][vc_separator][\/vc_column][\/vc_row][vc_row top_margin=\u00a0\u00bbnone\u00a0\u00bb el_position=\u00a0\u00bbfirst last\u00a0\u00bb][vc_column top_margin=\u00a0\u00bbnone\u00a0\u00bb][vc_column_text css=\u00a0\u00bb\u00a0\u00bb el_position=\u00a0\u00bbfirst last\u00a0\u00bb]Cette page r\u00e9pertorie les probl\u00e8mes de sant\u00e9 pour lesquels nous recherchons actuellement des patients ou au sujet desquels nous pourrions mener des \u00e9tudes de recherche clinique \u00e0 l\u2019avenir. En cliquant sur un probl\u00e8me de sant\u00e9, vous acc\u00e9dez \u00e0 une page contenant de plus amples renseignements \u00e0 son sujet. Vous trouverez \u00e9galement une liste des \u00e9tudes cliniques qui recherchent actuellement des participants, le cas \u00e9ch\u00e9ant. De plus, vous pouvez vous inscrire pour recevoir des mises \u00e0 jour sur ce probl\u00e8me de sant\u00e9 et sur les \u00e9tudes en cours ou \u00e0 venir en cliquant sur le bouton <span style=\"color: #3156a3;\"><strong>SE JOINDRE \u00c0 LA COMMUNAUT\u00c9<\/strong><\/span>.[\/vc_column_text][\/vc_column][\/vc_row][vc_row][vc_column][vc_basic_grid post_type=\u00a0\u00bbmedical_condition\u00a0\u00bb max_items=\u00a0\u00bb-1&Prime; show_filter=\u00a0\u00bbyes\u00a0\u00bb element_width=\u00a0\u00bb3&Prime; gap=\u00a0\u00bb20&Prime; orderby=\u00a0\u00bbtitle\u00a0\u00bb order=\u00a0\u00bbASC\u00a0\u00bb filter_style=\u00a0\u00bbbordered\u00a0\u00bb filter_color=\u00a0\u00bbblack\u00a0\u00bb item=\u00a0\u00bb15777&Prime; initial_loading_animation=\u00a0\u00bbnone\u00a0\u00bb css=\u00a0\u00bb\u00a0\u00bb grid_id=\u00a0\u00bbvc_gid:1728488863755-40986019-5f8d-3&Prime; filter_source=\u00a0\u00bbcondition\u00a0\u00bb][\/vc_column][\/vc_row]<\/p>\n<\/div>","protected":false},"excerpt":{"rendered":"<p>[vc_row][vc_column][vc_column_text css=\u00a0\u00bb.vc_custom_1523029024035{margin-bottom: 10px !important;padding-right: 7px !important;padding-left: 7px !important;background-color: #f2f2f2 !important;}\u00a0\u00bb] Guides de sant\u00e9 \u2013 Un guide complet pour g\u00e9rer votre maladie [\/vc_column_text][vc_empty_space][vc_separator][\/vc_column][\/vc_row][vc_row top_margin=\u00a0\u00bbnone\u00a0\u00bb el_position=\u00a0\u00bbfirst last\u00a0\u00bb][vc_column top_margin=\u00a0\u00bbnone\u00a0\u00bb][vc_column_text css=\u00a0\u00bb\u00a0\u00bb el_position=\u00a0\u00bbfirst last\u00a0\u00bb]Cette page r\u00e9pertorie les probl\u00e8mes de sant\u00e9 pour lesquels nous recherchons actuellement des patients ou au sujet desquels nous pourrions mener des \u00e9tudes de recherche clinique \u00e0<\/p>\n","protected":false},"author":45,"featured_media":16840,"parent":0,"menu_order":0,"comment_status":"closed","ping_status":"closed","template":"","meta":{"_acf_changed":false,"footnotes":""},"class_list":["post-33746","page","type-page","status-publish","has-post-thumbnail","hentry","description-off"],"acf":[],"yoast_head":"<!-- This site is optimized with the Yoast SEO Premium plugin v27.5 (Yoast SEO v27.5) - https:\/\/yoast.com\/product\/yoast-seo-premium-wordpress\/ -->\n<title>Probl\u00e8mes de sant\u00e9 - JoinAStudy.ca<\/title>\n<meta name=\"robots\" content=\"index, follow, max-snippet:-1, max-image-preview:large, max-video-preview:-1\" \/>\n<link rel=\"canonical\" href=\"https:\/\/joinastudy.ca\/fr\/problemes-de-sante\/\" \/>\n<meta property=\"og:locale\" content=\"fr_FR\" \/>\n<meta property=\"og:type\" content=\"article\" \/>\n<meta property=\"og:title\" content=\"Probl\u00e8mes de sant\u00e9\" \/>\n<meta property=\"og:description\" content=\"[vc_row][vc_column][vc_column_text css=\u00a0\u00bb.vc_custom_1523029024035{margin-bottom: 10px !important;padding-right: 7px !important;padding-left: 7px !important;background-color: #f2f2f2 !important;}\u00a0\u00bb] Guides de sant\u00e9 \u2013 Un guide complet pour g\u00e9rer votre maladie [\/vc_column_text][vc_empty_space][vc_separator][\/vc_column][\/vc_row][vc_row top_margin=\u00a0\u00bbnone\u00a0\u00bb el_position=\u00a0\u00bbfirst last\u00a0\u00bb][vc_column top_margin=\u00a0\u00bbnone\u00a0\u00bb][vc_column_text css=\u00a0\u00bb\u00a0\u00bb el_position=\u00a0\u00bbfirst last\u00a0\u00bb]Cette page r\u00e9pertorie les probl\u00e8mes de sant\u00e9 pour lesquels nous recherchons actuellement des patients ou au sujet desquels nous pourrions mener des \u00e9tudes de recherche clinique \u00e0\" \/>\n<meta property=\"og:url\" content=\"https:\/\/joinastudy.ca\/fr\/problemes-de-sante\/\" \/>\n<meta property=\"og:site_name\" content=\"JoinAStudy.ca\" \/>\n<meta property=\"article:publisher\" content=\"https:\/\/www.facebook.com\/joinastudy.ca\" \/>\n<meta property=\"article:modified_time\" content=\"2024-11-27T04:03:51+00:00\" \/>\n<meta name=\"twitter:card\" content=\"summary_large_image\" \/>\n<meta name=\"twitter:site\" content=\"@JoinAStudy_ca\" \/>\n<meta name=\"twitter:label1\" content=\"Dur\u00e9e de lecture estim\u00e9e\" \/>\n\t<meta name=\"twitter:data1\" content=\"1 minute\" \/>\n<script type=\"application\/ld+json\" class=\"yoast-schema-graph\">{\"@context\":\"https:\\\/\\\/schema.org\",\"@graph\":[{\"@type\":\"WebPage\",\"@id\":\"https:\\\/\\\/joinastudy.ca\\\/fr\\\/problemes-de-sante\\\/\",\"url\":\"https:\\\/\\\/joinastudy.ca\\\/fr\\\/problemes-de-sante\\\/\",\"name\":\"Probl\u00e8mes de sant\u00e9 - JoinAStudy.ca\",\"isPartOf\":{\"@id\":\"https:\\\/\\\/joinastudy.ca\\\/fr\\\/#website\"},\"primaryImageOfPage\":{\"@id\":\"https:\\\/\\\/joinastudy.ca\\\/fr\\\/problemes-de-sante\\\/#primaryimage\"},\"image\":{\"@id\":\"https:\\\/\\\/joinastudy.ca\\\/fr\\\/problemes-de-sante\\\/#primaryimage\"},\"thumbnailUrl\":\"https:\\\/\\\/joinastudy.ca\\\/wp-content\\\/uploads\\\/5-01.jpg\",\"datePublished\":\"2024-11-27T03:51:34+00:00\",\"dateModified\":\"2024-11-27T04:03:51+00:00\",\"breadcrumb\":{\"@id\":\"https:\\\/\\\/joinastudy.ca\\\/fr\\\/problemes-de-sante\\\/#breadcrumb\"},\"inLanguage\":\"fr-FR\",\"potentialAction\":[{\"@type\":\"ReadAction\",\"target\":[\"https:\\\/\\\/joinastudy.ca\\\/fr\\\/problemes-de-sante\\\/\"]}]},{\"@type\":\"ImageObject\",\"inLanguage\":\"fr-FR\",\"@id\":\"https:\\\/\\\/joinastudy.ca\\\/fr\\\/problemes-de-sante\\\/#primaryimage\",\"url\":\"https:\\\/\\\/joinastudy.ca\\\/wp-content\\\/uploads\\\/5-01.jpg\",\"contentUrl\":\"https:\\\/\\\/joinastudy.ca\\\/wp-content\\\/uploads\\\/5-01.jpg\",\"width\":1317,\"height\":900},{\"@type\":\"BreadcrumbList\",\"@id\":\"https:\\\/\\\/joinastudy.ca\\\/fr\\\/problemes-de-sante\\\/#breadcrumb\",\"itemListElement\":[{\"@type\":\"ListItem\",\"position\":1,\"name\":\"Home\",\"item\":\"https:\\\/\\\/joinastudy.ca\\\/fr\\\/\"},{\"@type\":\"ListItem\",\"position\":2,\"name\":\"Probl\u00e8mes de sant\u00e9\"}]},{\"@type\":\"WebSite\",\"@id\":\"https:\\\/\\\/joinastudy.ca\\\/fr\\\/#website\",\"url\":\"https:\\\/\\\/joinastudy.ca\\\/fr\\\/\",\"name\":\"JoinAStudy.ca\",\"description\":\"JoinAStudy.ca - Help create a healthier future\",\"publisher\":{\"@id\":\"https:\\\/\\\/joinastudy.ca\\\/fr\\\/#organization\"},\"potentialAction\":[{\"@type\":\"SearchAction\",\"target\":{\"@type\":\"EntryPoint\",\"urlTemplate\":\"https:\\\/\\\/joinastudy.ca\\\/fr\\\/?s={search_term_string}\"},\"query-input\":{\"@type\":\"PropertyValueSpecification\",\"valueRequired\":true,\"valueName\":\"search_term_string\"}}],\"inLanguage\":\"fr-FR\"},{\"@type\":\"Organization\",\"@id\":\"https:\\\/\\\/joinastudy.ca\\\/fr\\\/#organization\",\"name\":\"JoinAStudy.ca\",\"url\":\"https:\\\/\\\/joinastudy.ca\\\/fr\\\/\",\"logo\":{\"@type\":\"ImageObject\",\"inLanguage\":\"fr-FR\",\"@id\":\"https:\\\/\\\/joinastudy.ca\\\/fr\\\/#\\\/schema\\\/logo\\\/image\\\/\",\"url\":\"https:\\\/\\\/joinastudy.ca\\\/wp-content\\\/uploads\\\/JoinaStudy-Logo-Mobile-e1520526932796.png\",\"contentUrl\":\"https:\\\/\\\/joinastudy.ca\\\/wp-content\\\/uploads\\\/JoinaStudy-Logo-Mobile-e1520526932796.png\",\"width\":118,\"height\":65,\"caption\":\"JoinAStudy.ca\"},\"image\":{\"@id\":\"https:\\\/\\\/joinastudy.ca\\\/fr\\\/#\\\/schema\\\/logo\\\/image\\\/\"},\"sameAs\":[\"https:\\\/\\\/www.facebook.com\\\/joinastudy.ca\",\"https:\\\/\\\/x.com\\\/JoinAStudy_ca\",\"https:\\\/\\\/www.youtube.com\\\/channel\\\/UC_ed0XmzH5ImSNOEJcdXKqg\"],\"publishingPrinciples\":\"https:\\\/\\\/joinastudy.ca\\\/why-join-a-study\\\/\",\"ownershipFundingInfo\":\"https:\\\/\\\/joinastudy.ca\\\/information-disclaimer\\\/\"}]}<\/script>\n<!-- \/ Yoast SEO Premium plugin. -->","yoast_head_json":{"title":"Probl\u00e8mes de sant\u00e9 - JoinAStudy.ca","robots":{"index":"index","follow":"follow","max-snippet":"max-snippet:-1","max-image-preview":"max-image-preview:large","max-video-preview":"max-video-preview:-1"},"canonical":"https:\/\/joinastudy.ca\/fr\/problemes-de-sante\/","og_locale":"fr_FR","og_type":"article","og_title":"Probl\u00e8mes de sant\u00e9","og_description":"[vc_row][vc_column][vc_column_text css=\u00a0\u00bb.vc_custom_1523029024035{margin-bottom: 10px !important;padding-right: 7px !important;padding-left: 7px !important;background-color: #f2f2f2 !important;}\u00a0\u00bb] Guides de sant\u00e9 \u2013 Un guide complet pour g\u00e9rer votre maladie [\/vc_column_text][vc_empty_space][vc_separator][\/vc_column][\/vc_row][vc_row top_margin=\u00a0\u00bbnone\u00a0\u00bb el_position=\u00a0\u00bbfirst last\u00a0\u00bb][vc_column top_margin=\u00a0\u00bbnone\u00a0\u00bb][vc_column_text css=\u00a0\u00bb\u00a0\u00bb el_position=\u00a0\u00bbfirst last\u00a0\u00bb]Cette page r\u00e9pertorie les probl\u00e8mes de sant\u00e9 pour lesquels nous recherchons actuellement des patients ou au sujet desquels nous pourrions mener des \u00e9tudes de recherche clinique \u00e0","og_url":"https:\/\/joinastudy.ca\/fr\/problemes-de-sante\/","og_site_name":"JoinAStudy.ca","article_publisher":"https:\/\/www.facebook.com\/joinastudy.ca","article_modified_time":"2024-11-27T04:03:51+00:00","twitter_card":"summary_large_image","twitter_site":"@JoinAStudy_ca","twitter_misc":{"Dur\u00e9e de lecture estim\u00e9e":"1 minute"},"schema":{"@context":"https:\/\/schema.org","@graph":[{"@type":"WebPage","@id":"https:\/\/joinastudy.ca\/fr\/problemes-de-sante\/","url":"https:\/\/joinastudy.ca\/fr\/problemes-de-sante\/","name":"Probl\u00e8mes de sant\u00e9 - JoinAStudy.ca","isPartOf":{"@id":"https:\/\/joinastudy.ca\/fr\/#website"},"primaryImageOfPage":{"@id":"https:\/\/joinastudy.ca\/fr\/problemes-de-sante\/#primaryimage"},"image":{"@id":"https:\/\/joinastudy.ca\/fr\/problemes-de-sante\/#primaryimage"},"thumbnailUrl":"https:\/\/joinastudy.ca\/wp-content\/uploads\/5-01.jpg","datePublished":"2024-11-27T03:51:34+00:00","dateModified":"2024-11-27T04:03:51+00:00","breadcrumb":{"@id":"https:\/\/joinastudy.ca\/fr\/problemes-de-sante\/#breadcrumb"},"inLanguage":"fr-FR","potentialAction":[{"@type":"ReadAction","target":["https:\/\/joinastudy.ca\/fr\/problemes-de-sante\/"]}]},{"@type":"ImageObject","inLanguage":"fr-FR","@id":"https:\/\/joinastudy.ca\/fr\/problemes-de-sante\/#primaryimage","url":"https:\/\/joinastudy.ca\/wp-content\/uploads\/5-01.jpg","contentUrl":"https:\/\/joinastudy.ca\/wp-content\/uploads\/5-01.jpg","width":1317,"height":900},{"@type":"BreadcrumbList","@id":"https:\/\/joinastudy.ca\/fr\/problemes-de-sante\/#breadcrumb","itemListElement":[{"@type":"ListItem","position":1,"name":"Home","item":"https:\/\/joinastudy.ca\/fr\/"},{"@type":"ListItem","position":2,"name":"Probl\u00e8mes de sant\u00e9"}]},{"@type":"WebSite","@id":"https:\/\/joinastudy.ca\/fr\/#website","url":"https:\/\/joinastudy.ca\/fr\/","name":"JoinAStudy.ca","description":"JoinAStudy.ca - Help create a healthier future","publisher":{"@id":"https:\/\/joinastudy.ca\/fr\/#organization"},"potentialAction":[{"@type":"SearchAction","target":{"@type":"EntryPoint","urlTemplate":"https:\/\/joinastudy.ca\/fr\/?s={search_term_string}"},"query-input":{"@type":"PropertyValueSpecification","valueRequired":true,"valueName":"search_term_string"}}],"inLanguage":"fr-FR"},{"@type":"Organization","@id":"https:\/\/joinastudy.ca\/fr\/#organization","name":"JoinAStudy.ca","url":"https:\/\/joinastudy.ca\/fr\/","logo":{"@type":"ImageObject","inLanguage":"fr-FR","@id":"https:\/\/joinastudy.ca\/fr\/#\/schema\/logo\/image\/","url":"https:\/\/joinastudy.ca\/wp-content\/uploads\/JoinaStudy-Logo-Mobile-e1520526932796.png","contentUrl":"https:\/\/joinastudy.ca\/wp-content\/uploads\/JoinaStudy-Logo-Mobile-e1520526932796.png","width":118,"height":65,"caption":"JoinAStudy.ca"},"image":{"@id":"https:\/\/joinastudy.ca\/fr\/#\/schema\/logo\/image\/"},"sameAs":["https:\/\/www.facebook.com\/joinastudy.ca","https:\/\/x.com\/JoinAStudy_ca","https:\/\/www.youtube.com\/channel\/UC_ed0XmzH5ImSNOEJcdXKqg"],"publishingPrinciples":"https:\/\/joinastudy.ca\/why-join-a-study\/","ownershipFundingInfo":"https:\/\/joinastudy.ca\/information-disclaimer\/"}]}},"_links":{"self":[{"href":"https:\/\/joinastudy.ca\/fr\/wp-json\/wp\/v2\/pages\/33746","targetHints":{"allow":["GET"]}}],"collection":[{"href":"https:\/\/joinastudy.ca\/fr\/wp-json\/wp\/v2\/pages"}],"about":[{"href":"https:\/\/joinastudy.ca\/fr\/wp-json\/wp\/v2\/types\/page"}],"author":[{"embeddable":true,"href":"https:\/\/joinastudy.ca\/fr\/wp-json\/wp\/v2\/users\/45"}],"replies":[{"embeddable":true,"href":"https:\/\/joinastudy.ca\/fr\/wp-json\/wp\/v2\/comments?post=33746"}],"version-history":[{"count":0,"href":"https:\/\/joinastudy.ca\/fr\/wp-json\/wp\/v2\/pages\/33746\/revisions"}],"wp:featuredmedia":[{"embeddable":true,"href":"https:\/\/joinastudy.ca\/fr\/wp-json\/wp\/v2\/media\/16840"}],"wp:attachment":[{"href":"https:\/\/joinastudy.ca\/fr\/wp-json\/wp\/v2\/media?parent=33746"}],"curies":[{"name":"wp","href":"https:\/\/api.w.org\/{rel}","templated":true}]}}