{"id":33862,"date":"2014-01-30T10:14:21","date_gmt":"2014-01-30T15:14:21","guid":{"rendered":"https:\/\/joinastudy.ca\/study-locations\/"},"modified":"2024-12-09T14:52:52","modified_gmt":"2024-12-09T19:52:52","slug":"emplacements-des-etudes","status":"publish","type":"page","link":"https:\/\/joinastudy.ca\/fr\/emplacements-des-etudes\/","title":{"rendered":"Emplacements des \u00e9tudes"},"content":{"rendered":"<div class=\"wpb-content-wrapper\"><p>[vc_row top_margin=\u00a0\u00bbnone\u00a0\u00bb el_position=\u00a0\u00bbfirst last\u00a0\u00bb][vc_column top_margin=\u00a0\u00bbnone\u00a0\u00bb][vc_column_text css=\u00a0\u00bb\u00a0\u00bb el_position=\u00a0\u00bbfirst last\u00a0\u00bb]Cette page \u00e9num\u00e8re toutes les cliniques o\u00f9 sont men\u00e9es les \u00e9tudes de recherche. Cliquez sur une clinique de recherche pour obtenir des renseignements sur la clinique et les \u00e9tudes de recherche clinique pour lesquelles la clinique recrute actuellement des volontaires. Vous pouvez \u00e9galement filtrer les cliniques de recherche par ville ou par province sp\u00e9cifique ou effectuer une recherche en utilisant la liste fournie ci-dessous.[\/vc_column_text][\/vc_column][\/vc_row][vc_row][vc_column][vc_empty_space height=\u00a0\u00bb20px\u00a0\u00bb][vc_basic_grid post_type=\u00a0\u00bbstudy_location\u00a0\u00bb max_items=\u00a0\u00bb-1&Prime; show_filter=\u00a0\u00bbyes\u00a0\u00bb element_width=\u00a0\u00bb3&Prime; gap=\u00a0\u00bb20&Prime; orderby=\u00a0\u00bbtitle\u00a0\u00bb order=\u00a0\u00bbASC\u00a0\u00bb filter_style=\u00a0\u00bbbordered\u00a0\u00bb filter_color=\u00a0\u00bbblack\u00a0\u00bb item=\u00a0\u00bb14836&Prime; css=\u00a0\u00bb\u00a0\u00bb grid_id=\u00a0\u00bbvc_gid:1733773946325-94e81025-96f4-1&Prime; filter_source=\u00a0\u00bbregion\u00a0\u00bb][\/vc_column][\/vc_row]<\/p>\n<\/div>","protected":false},"excerpt":{"rendered":"<p>[vc_row top_margin=\u00a0\u00bbnone\u00a0\u00bb el_position=\u00a0\u00bbfirst last\u00a0\u00bb][vc_column top_margin=\u00a0\u00bbnone\u00a0\u00bb][vc_column_text css=\u00a0\u00bb\u00a0\u00bb el_position=\u00a0\u00bbfirst last\u00a0\u00bb]Cette page \u00e9num\u00e8re toutes les cliniques o\u00f9 sont men\u00e9es les \u00e9tudes de recherche. Cliquez sur une clinique de recherche pour obtenir des renseignements sur la clinique et les \u00e9tudes de recherche clinique pour lesquelles la clinique recrute actuellement des volontaires. Vous pouvez \u00e9galement filtrer les cliniques de recherche<\/p>\n","protected":false},"author":45,"featured_media":33658,"parent":0,"menu_order":0,"comment_status":"closed","ping_status":"closed","template":"","meta":{"_acf_changed":false,"footnotes":""},"class_list":["post-33862","page","type-page","status-publish","has-post-thumbnail","hentry","description-off"],"acf":[],"yoast_head":"<!-- This site is optimized with the Yoast SEO Premium plugin v27.2 (Yoast SEO v27.3) - https:\/\/yoast.com\/product\/yoast-seo-premium-wordpress\/ -->\n<title>Emplacements des \u00e9tudes - JoinAStudy.ca<\/title>\n<meta name=\"robots\" content=\"index, follow, max-snippet:-1, max-image-preview:large, max-video-preview:-1\" \/>\n<link rel=\"canonical\" href=\"https:\/\/joinastudy.ca\/fr\/emplacements-des-etudes\/\" \/>\n<meta property=\"og:locale\" content=\"fr_FR\" \/>\n<meta property=\"og:type\" content=\"article\" \/>\n<meta property=\"og:title\" content=\"Emplacements des \u00e9tudes\" \/>\n<meta property=\"og:description\" content=\"[vc_row top_margin=\u00a0\u00bbnone\u00a0\u00bb el_position=\u00a0\u00bbfirst last\u00a0\u00bb][vc_column top_margin=\u00a0\u00bbnone\u00a0\u00bb][vc_column_text css=\u00a0\u00bb\u00a0\u00bb el_position=\u00a0\u00bbfirst last\u00a0\u00bb]Cette page \u00e9num\u00e8re toutes les cliniques o\u00f9 sont men\u00e9es les \u00e9tudes de recherche. Cliquez sur une clinique de recherche pour obtenir des renseignements sur la clinique et les \u00e9tudes de recherche clinique pour lesquelles la clinique recrute actuellement des volontaires. Vous pouvez \u00e9galement filtrer les cliniques de recherche\" \/>\n<meta property=\"og:url\" content=\"https:\/\/joinastudy.ca\/fr\/emplacements-des-etudes\/\" \/>\n<meta property=\"og:site_name\" content=\"JoinAStudy.ca\" \/>\n<meta property=\"article:publisher\" content=\"https:\/\/www.facebook.com\/joinastudy.ca\" \/>\n<meta property=\"article:modified_time\" content=\"2024-12-09T19:52:52+00:00\" \/>\n<meta property=\"og:image\" content=\"https:\/\/joinastudy.ca\/wp-content\/uploads\/5-01.jpg\" \/>\n\t<meta property=\"og:image:width\" content=\"1317\" \/>\n\t<meta property=\"og:image:height\" content=\"900\" \/>\n\t<meta property=\"og:image:type\" content=\"image\/jpeg\" \/>\n<meta name=\"twitter:card\" content=\"summary_large_image\" \/>\n<meta name=\"twitter:site\" content=\"@JoinAStudy_ca\" \/>\n<meta name=\"twitter:label1\" content=\"Dur\u00e9e de lecture estim\u00e9e\" \/>\n\t<meta name=\"twitter:data1\" content=\"1 minute\" \/>\n<script type=\"application\/ld+json\" class=\"yoast-schema-graph\">{\"@context\":\"https:\\\/\\\/schema.org\",\"@graph\":[{\"@type\":\"WebPage\",\"@id\":\"https:\\\/\\\/joinastudy.ca\\\/fr\\\/emplacements-des-etudes\\\/\",\"url\":\"https:\\\/\\\/joinastudy.ca\\\/fr\\\/emplacements-des-etudes\\\/\",\"name\":\"Emplacements des \u00e9tudes - JoinAStudy.ca\",\"isPartOf\":{\"@id\":\"https:\\\/\\\/joinastudy.ca\\\/fr\\\/#website\"},\"primaryImageOfPage\":{\"@id\":\"https:\\\/\\\/joinastudy.ca\\\/fr\\\/emplacements-des-etudes\\\/#primaryimage\"},\"image\":{\"@id\":\"https:\\\/\\\/joinastudy.ca\\\/fr\\\/emplacements-des-etudes\\\/#primaryimage\"},\"thumbnailUrl\":\"https:\\\/\\\/joinastudy.ca\\\/wp-content\\\/uploads\\\/5-01.jpg\",\"datePublished\":\"2014-01-30T15:14:21+00:00\",\"dateModified\":\"2024-12-09T19:52:52+00:00\",\"breadcrumb\":{\"@id\":\"https:\\\/\\\/joinastudy.ca\\\/fr\\\/emplacements-des-etudes\\\/#breadcrumb\"},\"inLanguage\":\"fr-FR\",\"potentialAction\":[{\"@type\":\"ReadAction\",\"target\":[\"https:\\\/\\\/joinastudy.ca\\\/fr\\\/emplacements-des-etudes\\\/\"]}]},{\"@type\":\"ImageObject\",\"inLanguage\":\"fr-FR\",\"@id\":\"https:\\\/\\\/joinastudy.ca\\\/fr\\\/emplacements-des-etudes\\\/#primaryimage\",\"url\":\"https:\\\/\\\/joinastudy.ca\\\/wp-content\\\/uploads\\\/5-01.jpg\",\"contentUrl\":\"https:\\\/\\\/joinastudy.ca\\\/wp-content\\\/uploads\\\/5-01.jpg\",\"width\":1317,\"height\":900},{\"@type\":\"BreadcrumbList\",\"@id\":\"https:\\\/\\\/joinastudy.ca\\\/fr\\\/emplacements-des-etudes\\\/#breadcrumb\",\"itemListElement\":[{\"@type\":\"ListItem\",\"position\":1,\"name\":\"Home\",\"item\":\"https:\\\/\\\/joinastudy.ca\\\/fr\\\/\"},{\"@type\":\"ListItem\",\"position\":2,\"name\":\"Emplacements des \u00e9tudes\"}]},{\"@type\":\"WebSite\",\"@id\":\"https:\\\/\\\/joinastudy.ca\\\/fr\\\/#website\",\"url\":\"https:\\\/\\\/joinastudy.ca\\\/fr\\\/\",\"name\":\"JoinAStudy.ca\",\"description\":\"JoinAStudy.ca - Help create a healthier future\",\"publisher\":{\"@id\":\"https:\\\/\\\/joinastudy.ca\\\/fr\\\/#organization\"},\"potentialAction\":[{\"@type\":\"SearchAction\",\"target\":{\"@type\":\"EntryPoint\",\"urlTemplate\":\"https:\\\/\\\/joinastudy.ca\\\/fr\\\/?s={search_term_string}\"},\"query-input\":{\"@type\":\"PropertyValueSpecification\",\"valueRequired\":true,\"valueName\":\"search_term_string\"}}],\"inLanguage\":\"fr-FR\"},{\"@type\":\"Organization\",\"@id\":\"https:\\\/\\\/joinastudy.ca\\\/fr\\\/#organization\",\"name\":\"JoinAStudy.ca\",\"url\":\"https:\\\/\\\/joinastudy.ca\\\/fr\\\/\",\"logo\":{\"@type\":\"ImageObject\",\"inLanguage\":\"fr-FR\",\"@id\":\"https:\\\/\\\/joinastudy.ca\\\/fr\\\/#\\\/schema\\\/logo\\\/image\\\/\",\"url\":\"https:\\\/\\\/joinastudy.ca\\\/wp-content\\\/uploads\\\/JoinaStudy-Logo-Mobile-e1520526932796.png\",\"contentUrl\":\"https:\\\/\\\/joinastudy.ca\\\/wp-content\\\/uploads\\\/JoinaStudy-Logo-Mobile-e1520526932796.png\",\"width\":118,\"height\":65,\"caption\":\"JoinAStudy.ca\"},\"image\":{\"@id\":\"https:\\\/\\\/joinastudy.ca\\\/fr\\\/#\\\/schema\\\/logo\\\/image\\\/\"},\"sameAs\":[\"https:\\\/\\\/www.facebook.com\\\/joinastudy.ca\",\"https:\\\/\\\/x.com\\\/JoinAStudy_ca\",\"https:\\\/\\\/www.youtube.com\\\/channel\\\/UC_ed0XmzH5ImSNOEJcdXKqg\"],\"publishingPrinciples\":\"https:\\\/\\\/joinastudy.ca\\\/why-join-a-study\\\/\",\"ownershipFundingInfo\":\"https:\\\/\\\/joinastudy.ca\\\/information-disclaimer\\\/\"}]}<\/script>\n<!-- \/ Yoast SEO Premium plugin. -->","yoast_head_json":{"title":"Emplacements des \u00e9tudes - JoinAStudy.ca","robots":{"index":"index","follow":"follow","max-snippet":"max-snippet:-1","max-image-preview":"max-image-preview:large","max-video-preview":"max-video-preview:-1"},"canonical":"https:\/\/joinastudy.ca\/fr\/emplacements-des-etudes\/","og_locale":"fr_FR","og_type":"article","og_title":"Emplacements des \u00e9tudes","og_description":"[vc_row top_margin=\u00a0\u00bbnone\u00a0\u00bb el_position=\u00a0\u00bbfirst last\u00a0\u00bb][vc_column top_margin=\u00a0\u00bbnone\u00a0\u00bb][vc_column_text css=\u00a0\u00bb\u00a0\u00bb el_position=\u00a0\u00bbfirst last\u00a0\u00bb]Cette page \u00e9num\u00e8re toutes les cliniques o\u00f9 sont men\u00e9es les \u00e9tudes de recherche. Cliquez sur une clinique de recherche pour obtenir des renseignements sur la clinique et les \u00e9tudes de recherche clinique pour lesquelles la clinique recrute actuellement des volontaires. Vous pouvez \u00e9galement filtrer les cliniques de recherche","og_url":"https:\/\/joinastudy.ca\/fr\/emplacements-des-etudes\/","og_site_name":"JoinAStudy.ca","article_publisher":"https:\/\/www.facebook.com\/joinastudy.ca","article_modified_time":"2024-12-09T19:52:52+00:00","og_image":[{"width":1317,"height":900,"url":"https:\/\/joinastudy.ca\/wp-content\/uploads\/5-01.jpg","type":"image\/jpeg"}],"twitter_card":"summary_large_image","twitter_site":"@JoinAStudy_ca","twitter_misc":{"Dur\u00e9e de lecture estim\u00e9e":"1 minute"},"schema":{"@context":"https:\/\/schema.org","@graph":[{"@type":"WebPage","@id":"https:\/\/joinastudy.ca\/fr\/emplacements-des-etudes\/","url":"https:\/\/joinastudy.ca\/fr\/emplacements-des-etudes\/","name":"Emplacements des \u00e9tudes - JoinAStudy.ca","isPartOf":{"@id":"https:\/\/joinastudy.ca\/fr\/#website"},"primaryImageOfPage":{"@id":"https:\/\/joinastudy.ca\/fr\/emplacements-des-etudes\/#primaryimage"},"image":{"@id":"https:\/\/joinastudy.ca\/fr\/emplacements-des-etudes\/#primaryimage"},"thumbnailUrl":"https:\/\/joinastudy.ca\/wp-content\/uploads\/5-01.jpg","datePublished":"2014-01-30T15:14:21+00:00","dateModified":"2024-12-09T19:52:52+00:00","breadcrumb":{"@id":"https:\/\/joinastudy.ca\/fr\/emplacements-des-etudes\/#breadcrumb"},"inLanguage":"fr-FR","potentialAction":[{"@type":"ReadAction","target":["https:\/\/joinastudy.ca\/fr\/emplacements-des-etudes\/"]}]},{"@type":"ImageObject","inLanguage":"fr-FR","@id":"https:\/\/joinastudy.ca\/fr\/emplacements-des-etudes\/#primaryimage","url":"https:\/\/joinastudy.ca\/wp-content\/uploads\/5-01.jpg","contentUrl":"https:\/\/joinastudy.ca\/wp-content\/uploads\/5-01.jpg","width":1317,"height":900},{"@type":"BreadcrumbList","@id":"https:\/\/joinastudy.ca\/fr\/emplacements-des-etudes\/#breadcrumb","itemListElement":[{"@type":"ListItem","position":1,"name":"Home","item":"https:\/\/joinastudy.ca\/fr\/"},{"@type":"ListItem","position":2,"name":"Emplacements des \u00e9tudes"}]},{"@type":"WebSite","@id":"https:\/\/joinastudy.ca\/fr\/#website","url":"https:\/\/joinastudy.ca\/fr\/","name":"JoinAStudy.ca","description":"JoinAStudy.ca - Help create a healthier future","publisher":{"@id":"https:\/\/joinastudy.ca\/fr\/#organization"},"potentialAction":[{"@type":"SearchAction","target":{"@type":"EntryPoint","urlTemplate":"https:\/\/joinastudy.ca\/fr\/?s={search_term_string}"},"query-input":{"@type":"PropertyValueSpecification","valueRequired":true,"valueName":"search_term_string"}}],"inLanguage":"fr-FR"},{"@type":"Organization","@id":"https:\/\/joinastudy.ca\/fr\/#organization","name":"JoinAStudy.ca","url":"https:\/\/joinastudy.ca\/fr\/","logo":{"@type":"ImageObject","inLanguage":"fr-FR","@id":"https:\/\/joinastudy.ca\/fr\/#\/schema\/logo\/image\/","url":"https:\/\/joinastudy.ca\/wp-content\/uploads\/JoinaStudy-Logo-Mobile-e1520526932796.png","contentUrl":"https:\/\/joinastudy.ca\/wp-content\/uploads\/JoinaStudy-Logo-Mobile-e1520526932796.png","width":118,"height":65,"caption":"JoinAStudy.ca"},"image":{"@id":"https:\/\/joinastudy.ca\/fr\/#\/schema\/logo\/image\/"},"sameAs":["https:\/\/www.facebook.com\/joinastudy.ca","https:\/\/x.com\/JoinAStudy_ca","https:\/\/www.youtube.com\/channel\/UC_ed0XmzH5ImSNOEJcdXKqg"],"publishingPrinciples":"https:\/\/joinastudy.ca\/why-join-a-study\/","ownershipFundingInfo":"https:\/\/joinastudy.ca\/information-disclaimer\/"}]}},"_links":{"self":[{"href":"https:\/\/joinastudy.ca\/fr\/wp-json\/wp\/v2\/pages\/33862","targetHints":{"allow":["GET"]}}],"collection":[{"href":"https:\/\/joinastudy.ca\/fr\/wp-json\/wp\/v2\/pages"}],"about":[{"href":"https:\/\/joinastudy.ca\/fr\/wp-json\/wp\/v2\/types\/page"}],"author":[{"embeddable":true,"href":"https:\/\/joinastudy.ca\/fr\/wp-json\/wp\/v2\/users\/45"}],"replies":[{"embeddable":true,"href":"https:\/\/joinastudy.ca\/fr\/wp-json\/wp\/v2\/comments?post=33862"}],"version-history":[{"count":0,"href":"https:\/\/joinastudy.ca\/fr\/wp-json\/wp\/v2\/pages\/33862\/revisions"}],"wp:featuredmedia":[{"embeddable":true,"href":"https:\/\/joinastudy.ca\/fr\/wp-json\/wp\/v2\/media\/33658"}],"wp:attachment":[{"href":"https:\/\/joinastudy.ca\/fr\/wp-json\/wp\/v2\/media?parent=33862"}],"curies":[{"name":"wp","href":"https:\/\/api.w.org\/{rel}","templated":true}]}}