{"id":35684,"date":"2017-06-14T09:49:40","date_gmt":"2017-06-14T14:49:40","guid":{"rendered":"https:\/\/joinastudy.ca\/questionnaires\/"},"modified":"2026-01-13T10:06:00","modified_gmt":"2026-01-13T15:06:00","slug":"questionnaires","status":"publish","type":"page","link":"https:\/\/joinastudy.ca\/fr\/questionnaires\/","title":{"rendered":"Questionnaires"},"content":{"rendered":"<div class=\"wpb-content-wrapper\"><p>[vc_row][vc_column][vc_column_text css=\u00a0\u00bb\u00a0\u00bb]<\/p>\n<p data-start=\"20\" data-end=\"309\">Bienvenue! Remplissez un court questionnaire pour v\u00e9rifier si vous ou un proche pourriez \u00eatre admissible \u00e0 une \u00e9tude de recherche clinique gr\u00e2ce \u00e0 nos questionnaires d\u2019\u00e9tude. Chaque questionnaire prend moins de 5 minutes \u00e0 compl\u00e9ter, et vous pouvez en remplir autant que vous le souhaitez.<\/p>\n<p data-start=\"311\" data-end=\"675\">En participant \u00e0 une \u00e9tude de recherche clinique, vous contribuez \u00e0 l\u2019avancement des connaissances m\u00e9dicales gr\u00e2ce aux questionnaires d\u2019\u00e9tude et pourriez avoir acc\u00e8s \u00e0 de nouveaux traitements \u00e0 l\u2019\u00e9tude. Nous sommes l\u00e0 pour vous accompagner \u00e0 chaque \u00e9tape, et notre \u00e9quipe est toujours disponible pour r\u00e9pondre \u00e0 vos questions concernant les questionnaires d\u2019\u00e9tude.<\/p>\n<p data-start=\"677\" data-end=\"912\">Vous souhaitez en savoir plus sur le fonctionnement des \u00e9tudes de recherche clinique ou rencontrer les m\u00e9decins et l\u2019\u00e9quipe d\u00e9vou\u00e9e derri\u00e8re JoinAStudy? Cliquez sur <strong data-start=\"842\" data-end=\"865\">Pourquoi JoinAStudy<\/strong> pour d\u00e9couvrir l\u2019impact que vous pouvez avoir.<\/p>\n<p data-start=\"914\" data-end=\"1036\">Merci d\u2019envisager de rejoindre notre communaut\u00e9 et de soutenir l\u2019avenir de la m\u00e9decine gr\u00e2ce \u00e0 nos questionnaires d\u2019\u00e9tude!<\/p>\n<p>[\/vc_column_text][\/vc_column][\/vc_row][vc_row][vc_column][vc_basic_grid post_type=\u00a0\u00bbquestionnaire\u00a0\u00bb max_items=\u00a0\u00bb-1&Prime; gap=\u00a0\u00bb20&Prime; orderby=\u00a0\u00bbtitle\u00a0\u00bb order=\u00a0\u00bbASC\u00a0\u00bb item=\u00a0\u00bb17268&Prime; initial_loading_animation=\u00a0\u00bbnone\u00a0\u00bb grid_id=\u00a0\u00bbvc_gid:1768316722775-2ed9a0c8-420a-6&Prime; exclude=\u00a0\u00bb30252&Prime;][\/vc_column][\/vc_row]<\/p>\n<\/div>","protected":false},"excerpt":{"rendered":"<p>[vc_row][vc_column][vc_column_text css=\u00a0\u00bb\u00a0\u00bb] Bienvenue! Remplissez un court questionnaire pour v\u00e9rifier si vous ou un proche pourriez \u00eatre admissible \u00e0 une \u00e9tude de recherche clinique gr\u00e2ce \u00e0 nos questionnaires d\u2019\u00e9tude. Chaque questionnaire prend moins de 5 minutes \u00e0 compl\u00e9ter, et vous pouvez en remplir autant que vous le souhaitez. En participant \u00e0 une \u00e9tude de recherche clinique,<\/p>\n","protected":false},"author":45,"featured_media":33658,"parent":0,"menu_order":0,"comment_status":"closed","ping_status":"closed","template":"","meta":{"_acf_changed":false,"footnotes":""},"class_list":["post-35684","page","type-page","status-publish","has-post-thumbnail","hentry","description-off"],"acf":[],"yoast_head":"<!-- This site is optimized with the Yoast SEO Premium plugin v27.2 (Yoast SEO v27.3) - https:\/\/yoast.com\/product\/yoast-seo-premium-wordpress\/ -->\n<title>Study Questionnaires for Clinical Research Studies - JoinAStudy.ca<\/title>\n<meta name=\"description\" content=\"Merci d\u2019envisager de rejoindre notre communaut\u00e9 et de soutenir l\u2019avenir de la m\u00e9decine gr\u00e2ce \u00e0 nos questionnaires d\u2019\u00e9tude!Remplissez des questionnaires d\u2019\u00e9tude pour \u00e9valuer votre admissibilit\u00e9 \u00e0 la recherche clinique. Votre participation contribue \u00e0 l\u2019avancement des connaissances m\u00e9dicales.\" \/>\n<meta name=\"robots\" content=\"index, follow, max-snippet:-1, max-image-preview:large, max-video-preview:-1\" \/>\n<link rel=\"canonical\" href=\"https:\/\/joinastudy.ca\/fr\/questionnaires\/\" \/>\n<meta property=\"og:locale\" content=\"fr_FR\" \/>\n<meta property=\"og:type\" content=\"article\" \/>\n<meta property=\"og:title\" content=\"Questionnaires\" \/>\n<meta property=\"og:description\" content=\"Merci d\u2019envisager de rejoindre notre communaut\u00e9 et de soutenir l\u2019avenir de la m\u00e9decine gr\u00e2ce \u00e0 nos questionnaires d\u2019\u00e9tude!Remplissez des questionnaires d\u2019\u00e9tude pour \u00e9valuer votre admissibilit\u00e9 \u00e0 la recherche clinique. Votre participation contribue \u00e0 l\u2019avancement des connaissances m\u00e9dicales.\" \/>\n<meta property=\"og:url\" content=\"https:\/\/joinastudy.ca\/fr\/questionnaires\/\" \/>\n<meta property=\"og:site_name\" content=\"JoinAStudy.ca\" \/>\n<meta property=\"article:publisher\" content=\"https:\/\/www.facebook.com\/joinastudy.ca\" \/>\n<meta property=\"article:modified_time\" content=\"2026-01-13T15:06:00+00:00\" \/>\n<meta property=\"og:image\" content=\"https:\/\/joinastudy.ca\/wp-content\/uploads\/5-01.jpg\" \/>\n\t<meta property=\"og:image:width\" content=\"1317\" \/>\n\t<meta property=\"og:image:height\" content=\"900\" \/>\n\t<meta property=\"og:image:type\" content=\"image\/jpeg\" \/>\n<meta name=\"twitter:card\" content=\"summary_large_image\" \/>\n<meta name=\"twitter:site\" content=\"@JoinAStudy_ca\" \/>\n<meta name=\"twitter:label1\" content=\"Dur\u00e9e de lecture estim\u00e9e\" \/>\n\t<meta name=\"twitter:data1\" content=\"1 minute\" \/>\n<script type=\"application\/ld+json\" class=\"yoast-schema-graph\">{\"@context\":\"https:\\\/\\\/schema.org\",\"@graph\":[{\"@type\":\"WebPage\",\"@id\":\"https:\\\/\\\/joinastudy.ca\\\/fr\\\/questionnaires\\\/\",\"url\":\"https:\\\/\\\/joinastudy.ca\\\/fr\\\/questionnaires\\\/\",\"name\":\"Study Questionnaires for Clinical Research Studies - JoinAStudy.ca\",\"isPartOf\":{\"@id\":\"https:\\\/\\\/joinastudy.ca\\\/fr\\\/#website\"},\"primaryImageOfPage\":{\"@id\":\"https:\\\/\\\/joinastudy.ca\\\/fr\\\/questionnaires\\\/#primaryimage\"},\"image\":{\"@id\":\"https:\\\/\\\/joinastudy.ca\\\/fr\\\/questionnaires\\\/#primaryimage\"},\"thumbnailUrl\":\"https:\\\/\\\/joinastudy.ca\\\/wp-content\\\/uploads\\\/5-01.jpg\",\"datePublished\":\"2017-06-14T14:49:40+00:00\",\"dateModified\":\"2026-01-13T15:06:00+00:00\",\"description\":\"Merci d\u2019envisager de rejoindre notre communaut\u00e9 et de soutenir l\u2019avenir de la m\u00e9decine gr\u00e2ce \u00e0 nos questionnaires d\u2019\u00e9tude!Remplissez des questionnaires d\u2019\u00e9tude pour \u00e9valuer votre admissibilit\u00e9 \u00e0 la recherche clinique. Votre participation contribue \u00e0 l\u2019avancement des connaissances m\u00e9dicales.\",\"breadcrumb\":{\"@id\":\"https:\\\/\\\/joinastudy.ca\\\/fr\\\/questionnaires\\\/#breadcrumb\"},\"inLanguage\":\"fr-FR\",\"potentialAction\":[{\"@type\":\"ReadAction\",\"target\":[\"https:\\\/\\\/joinastudy.ca\\\/fr\\\/questionnaires\\\/\"]}]},{\"@type\":\"ImageObject\",\"inLanguage\":\"fr-FR\",\"@id\":\"https:\\\/\\\/joinastudy.ca\\\/fr\\\/questionnaires\\\/#primaryimage\",\"url\":\"https:\\\/\\\/joinastudy.ca\\\/wp-content\\\/uploads\\\/5-01.jpg\",\"contentUrl\":\"https:\\\/\\\/joinastudy.ca\\\/wp-content\\\/uploads\\\/5-01.jpg\",\"width\":1317,\"height\":900},{\"@type\":\"BreadcrumbList\",\"@id\":\"https:\\\/\\\/joinastudy.ca\\\/fr\\\/questionnaires\\\/#breadcrumb\",\"itemListElement\":[{\"@type\":\"ListItem\",\"position\":1,\"name\":\"Home\",\"item\":\"https:\\\/\\\/joinastudy.ca\\\/fr\\\/\"},{\"@type\":\"ListItem\",\"position\":2,\"name\":\"Questionnaires\"}]},{\"@type\":\"WebSite\",\"@id\":\"https:\\\/\\\/joinastudy.ca\\\/fr\\\/#website\",\"url\":\"https:\\\/\\\/joinastudy.ca\\\/fr\\\/\",\"name\":\"JoinAStudy.ca\",\"description\":\"JoinAStudy.ca - Help create a healthier future\",\"publisher\":{\"@id\":\"https:\\\/\\\/joinastudy.ca\\\/fr\\\/#organization\"},\"potentialAction\":[{\"@type\":\"SearchAction\",\"target\":{\"@type\":\"EntryPoint\",\"urlTemplate\":\"https:\\\/\\\/joinastudy.ca\\\/fr\\\/?s={search_term_string}\"},\"query-input\":{\"@type\":\"PropertyValueSpecification\",\"valueRequired\":true,\"valueName\":\"search_term_string\"}}],\"inLanguage\":\"fr-FR\"},{\"@type\":\"Organization\",\"@id\":\"https:\\\/\\\/joinastudy.ca\\\/fr\\\/#organization\",\"name\":\"JoinAStudy.ca\",\"url\":\"https:\\\/\\\/joinastudy.ca\\\/fr\\\/\",\"logo\":{\"@type\":\"ImageObject\",\"inLanguage\":\"fr-FR\",\"@id\":\"https:\\\/\\\/joinastudy.ca\\\/fr\\\/#\\\/schema\\\/logo\\\/image\\\/\",\"url\":\"https:\\\/\\\/joinastudy.ca\\\/wp-content\\\/uploads\\\/JoinaStudy-Logo-Mobile-e1520526932796.png\",\"contentUrl\":\"https:\\\/\\\/joinastudy.ca\\\/wp-content\\\/uploads\\\/JoinaStudy-Logo-Mobile-e1520526932796.png\",\"width\":118,\"height\":65,\"caption\":\"JoinAStudy.ca\"},\"image\":{\"@id\":\"https:\\\/\\\/joinastudy.ca\\\/fr\\\/#\\\/schema\\\/logo\\\/image\\\/\"},\"sameAs\":[\"https:\\\/\\\/www.facebook.com\\\/joinastudy.ca\",\"https:\\\/\\\/x.com\\\/JoinAStudy_ca\",\"https:\\\/\\\/www.youtube.com\\\/channel\\\/UC_ed0XmzH5ImSNOEJcdXKqg\"],\"publishingPrinciples\":\"https:\\\/\\\/joinastudy.ca\\\/why-join-a-study\\\/\",\"ownershipFundingInfo\":\"https:\\\/\\\/joinastudy.ca\\\/information-disclaimer\\\/\"}]}<\/script>\n<!-- \/ Yoast SEO Premium plugin. -->","yoast_head_json":{"title":"Study Questionnaires for Clinical Research Studies - JoinAStudy.ca","description":"Merci d\u2019envisager de rejoindre notre communaut\u00e9 et de soutenir l\u2019avenir de la m\u00e9decine gr\u00e2ce \u00e0 nos questionnaires d\u2019\u00e9tude!Remplissez des questionnaires d\u2019\u00e9tude pour \u00e9valuer votre admissibilit\u00e9 \u00e0 la recherche clinique. Votre participation contribue \u00e0 l\u2019avancement des connaissances m\u00e9dicales.","robots":{"index":"index","follow":"follow","max-snippet":"max-snippet:-1","max-image-preview":"max-image-preview:large","max-video-preview":"max-video-preview:-1"},"canonical":"https:\/\/joinastudy.ca\/fr\/questionnaires\/","og_locale":"fr_FR","og_type":"article","og_title":"Questionnaires","og_description":"Merci d\u2019envisager de rejoindre notre communaut\u00e9 et de soutenir l\u2019avenir de la m\u00e9decine gr\u00e2ce \u00e0 nos questionnaires d\u2019\u00e9tude!Remplissez des questionnaires d\u2019\u00e9tude pour \u00e9valuer votre admissibilit\u00e9 \u00e0 la recherche clinique. Votre participation contribue \u00e0 l\u2019avancement des connaissances m\u00e9dicales.","og_url":"https:\/\/joinastudy.ca\/fr\/questionnaires\/","og_site_name":"JoinAStudy.ca","article_publisher":"https:\/\/www.facebook.com\/joinastudy.ca","article_modified_time":"2026-01-13T15:06:00+00:00","og_image":[{"width":1317,"height":900,"url":"https:\/\/joinastudy.ca\/wp-content\/uploads\/5-01.jpg","type":"image\/jpeg"}],"twitter_card":"summary_large_image","twitter_site":"@JoinAStudy_ca","twitter_misc":{"Dur\u00e9e de lecture estim\u00e9e":"1 minute"},"schema":{"@context":"https:\/\/schema.org","@graph":[{"@type":"WebPage","@id":"https:\/\/joinastudy.ca\/fr\/questionnaires\/","url":"https:\/\/joinastudy.ca\/fr\/questionnaires\/","name":"Study Questionnaires for Clinical Research Studies - JoinAStudy.ca","isPartOf":{"@id":"https:\/\/joinastudy.ca\/fr\/#website"},"primaryImageOfPage":{"@id":"https:\/\/joinastudy.ca\/fr\/questionnaires\/#primaryimage"},"image":{"@id":"https:\/\/joinastudy.ca\/fr\/questionnaires\/#primaryimage"},"thumbnailUrl":"https:\/\/joinastudy.ca\/wp-content\/uploads\/5-01.jpg","datePublished":"2017-06-14T14:49:40+00:00","dateModified":"2026-01-13T15:06:00+00:00","description":"Merci d\u2019envisager de rejoindre notre communaut\u00e9 et de soutenir l\u2019avenir de la m\u00e9decine gr\u00e2ce \u00e0 nos questionnaires d\u2019\u00e9tude!Remplissez des questionnaires d\u2019\u00e9tude pour \u00e9valuer votre admissibilit\u00e9 \u00e0 la recherche clinique. Votre participation contribue \u00e0 l\u2019avancement des connaissances m\u00e9dicales.","breadcrumb":{"@id":"https:\/\/joinastudy.ca\/fr\/questionnaires\/#breadcrumb"},"inLanguage":"fr-FR","potentialAction":[{"@type":"ReadAction","target":["https:\/\/joinastudy.ca\/fr\/questionnaires\/"]}]},{"@type":"ImageObject","inLanguage":"fr-FR","@id":"https:\/\/joinastudy.ca\/fr\/questionnaires\/#primaryimage","url":"https:\/\/joinastudy.ca\/wp-content\/uploads\/5-01.jpg","contentUrl":"https:\/\/joinastudy.ca\/wp-content\/uploads\/5-01.jpg","width":1317,"height":900},{"@type":"BreadcrumbList","@id":"https:\/\/joinastudy.ca\/fr\/questionnaires\/#breadcrumb","itemListElement":[{"@type":"ListItem","position":1,"name":"Home","item":"https:\/\/joinastudy.ca\/fr\/"},{"@type":"ListItem","position":2,"name":"Questionnaires"}]},{"@type":"WebSite","@id":"https:\/\/joinastudy.ca\/fr\/#website","url":"https:\/\/joinastudy.ca\/fr\/","name":"JoinAStudy.ca","description":"JoinAStudy.ca - Help create a healthier future","publisher":{"@id":"https:\/\/joinastudy.ca\/fr\/#organization"},"potentialAction":[{"@type":"SearchAction","target":{"@type":"EntryPoint","urlTemplate":"https:\/\/joinastudy.ca\/fr\/?s={search_term_string}"},"query-input":{"@type":"PropertyValueSpecification","valueRequired":true,"valueName":"search_term_string"}}],"inLanguage":"fr-FR"},{"@type":"Organization","@id":"https:\/\/joinastudy.ca\/fr\/#organization","name":"JoinAStudy.ca","url":"https:\/\/joinastudy.ca\/fr\/","logo":{"@type":"ImageObject","inLanguage":"fr-FR","@id":"https:\/\/joinastudy.ca\/fr\/#\/schema\/logo\/image\/","url":"https:\/\/joinastudy.ca\/wp-content\/uploads\/JoinaStudy-Logo-Mobile-e1520526932796.png","contentUrl":"https:\/\/joinastudy.ca\/wp-content\/uploads\/JoinaStudy-Logo-Mobile-e1520526932796.png","width":118,"height":65,"caption":"JoinAStudy.ca"},"image":{"@id":"https:\/\/joinastudy.ca\/fr\/#\/schema\/logo\/image\/"},"sameAs":["https:\/\/www.facebook.com\/joinastudy.ca","https:\/\/x.com\/JoinAStudy_ca","https:\/\/www.youtube.com\/channel\/UC_ed0XmzH5ImSNOEJcdXKqg"],"publishingPrinciples":"https:\/\/joinastudy.ca\/why-join-a-study\/","ownershipFundingInfo":"https:\/\/joinastudy.ca\/information-disclaimer\/"}]}},"_links":{"self":[{"href":"https:\/\/joinastudy.ca\/fr\/wp-json\/wp\/v2\/pages\/35684","targetHints":{"allow":["GET"]}}],"collection":[{"href":"https:\/\/joinastudy.ca\/fr\/wp-json\/wp\/v2\/pages"}],"about":[{"href":"https:\/\/joinastudy.ca\/fr\/wp-json\/wp\/v2\/types\/page"}],"author":[{"embeddable":true,"href":"https:\/\/joinastudy.ca\/fr\/wp-json\/wp\/v2\/users\/45"}],"replies":[{"embeddable":true,"href":"https:\/\/joinastudy.ca\/fr\/wp-json\/wp\/v2\/comments?post=35684"}],"version-history":[{"count":1,"href":"https:\/\/joinastudy.ca\/fr\/wp-json\/wp\/v2\/pages\/35684\/revisions"}],"predecessor-version":[{"id":35685,"href":"https:\/\/joinastudy.ca\/fr\/wp-json\/wp\/v2\/pages\/35684\/revisions\/35685"}],"wp:featuredmedia":[{"embeddable":true,"href":"https:\/\/joinastudy.ca\/fr\/wp-json\/wp\/v2\/media\/33658"}],"wp:attachment":[{"href":"https:\/\/joinastudy.ca\/fr\/wp-json\/wp\/v2\/media?parent=35684"}],"curies":[{"name":"wp","href":"https:\/\/api.w.org\/{rel}","templated":true}]}}